{"id":99,"date":"2026-05-07T20:13:05","date_gmt":"2026-05-07T20:13:05","guid":{"rendered":"https:\/\/mascotasds.undermarket.cl\/?product=cama-acolchada-para-perro-mediano"},"modified":"2026-05-07T20:27:24","modified_gmt":"2026-05-07T20:27:24","slug":"cama-acolchada-para-perro-mediano","status":"publish","type":"product","link":"https:\/\/mascotasds.undermarket.cl\/?product=cama-acolchada-para-perro-mediano","title":{"rendered":"Cama acolchada para perro mediano"},"content":{"rendered":"<p>Cama acolchada con base c\u00f3moda, ideal para el descanso diario de perros medianos. Dise\u00f1o f\u00e1cil de ubicar en dormitorio, living o zona de mascotas.<\/p>\n","protected":false},"excerpt":{"rendered":"<p>Cama suave y resistente para perros medianos.<\/p>\n","protected":false},"featured_media":109,"comment_status":"open","ping_status":"closed","template":"","meta":{"_et_pb_use_builder":"","_et_pb_old_content":"","_et_gb_content_width":"","_joinchat":[]},"product_brand":[],"product_cat":[20],"product_tag":[22,23,21],"class_list":{"0":"post-99","1":"product","2":"type-product","3":"status-publish","4":"has-post-thumbnail","6":"product_cat-camas-y-descanso","7":"product_tag-cama","8":"product_tag-descanso","9":"product_tag-perros","11":"first","12":"instock","13":"sale","14":"shipping-taxable","15":"purchasable","16":"product-type-simple"},"_links":{"self":[{"href":"https:\/\/mascotasds.undermarket.cl\/index.php?rest_route=\/wp\/v2\/product\/99","targetHints":{"allow":["GET"]}}],"collection":[{"href":"https:\/\/mascotasds.undermarket.cl\/index.php?rest_route=\/wp\/v2\/product"}],"about":[{"href":"https:\/\/mascotasds.undermarket.cl\/index.php?rest_route=\/wp\/v2\/types\/product"}],"replies":[{"embeddable":true,"href":"https:\/\/mascotasds.undermarket.cl\/index.php?rest_route=%2Fwp%2Fv2%2Fcomments&post=99"}],"wp:featuredmedia":[{"embeddable":true,"href":"https:\/\/mascotasds.undermarket.cl\/index.php?rest_route=\/wp\/v2\/media\/109"}],"wp:attachment":[{"href":"https:\/\/mascotasds.undermarket.cl\/index.php?rest_route=%2Fwp%2Fv2%2Fmedia&parent=99"}],"wp:term":[{"taxonomy":"product_brand","embeddable":true,"href":"https:\/\/mascotasds.undermarket.cl\/index.php?rest_route=%2Fwp%2Fv2%2Fproduct_brand&post=99"},{"taxonomy":"product_cat","embeddable":true,"href":"https:\/\/mascotasds.undermarket.cl\/index.php?rest_route=%2Fwp%2Fv2%2Fproduct_cat&post=99"},{"taxonomy":"product_tag","embeddable":true,"href":"https:\/\/mascotasds.undermarket.cl\/index.php?rest_route=%2Fwp%2Fv2%2Fproduct_tag&post=99"}],"curies":[{"name":"wp","href":"https:\/\/api.w.org\/{rel}","templated":true}]}}