{"id":108,"date":"2026-05-07T20:13:05","date_gmt":"2026-05-07T20:13:05","guid":{"rendered":"https:\/\/mascotasds.undermarket.cl\/?product=collar-ajustable-con-cascabel-para-gato"},"modified":"2026-05-07T20:37:11","modified_gmt":"2026-05-07T20:37:11","slug":"collar-ajustable-con-cascabel-para-gato","status":"publish","type":"product","link":"https:\/\/mascotasds.undermarket.cl\/?product=collar-ajustable-con-cascabel-para-gato","title":{"rendered":"Collar ajustable con cascabel para gato"},"content":{"rendered":"<p>Collar ajustable para gato con cascabel, liviano y c\u00f3modo para uso diario. Dise\u00f1o pensado para identificaci\u00f3n y estilo.<\/p>\n","protected":false},"excerpt":{"rendered":"<p>Collar liviano y ajustable para gatos.<\/p>\n","protected":false},"featured_media":118,"comment_status":"open","ping_status":"closed","template":"","meta":{"_et_pb_use_builder":"","_et_pb_old_content":"","_et_gb_content_width":"","_joinchat":[]},"product_brand":[],"product_cat":[51],"product_tag":[53,52,26],"class_list":{"0":"post-108","1":"product","2":"type-product","3":"status-publish","4":"has-post-thumbnail","6":"product_cat-collares-y-accesorios","7":"product_tag-cascabel","8":"product_tag-collar","9":"product_tag-gatos","11":"first","12":"instock","13":"sale","14":"shipping-taxable","15":"purchasable","16":"product-type-simple"},"_links":{"self":[{"href":"https:\/\/mascotasds.undermarket.cl\/index.php?rest_route=\/wp\/v2\/product\/108","targetHints":{"allow":["GET"]}}],"collection":[{"href":"https:\/\/mascotasds.undermarket.cl\/index.php?rest_route=\/wp\/v2\/product"}],"about":[{"href":"https:\/\/mascotasds.undermarket.cl\/index.php?rest_route=\/wp\/v2\/types\/product"}],"replies":[{"embeddable":true,"href":"https:\/\/mascotasds.undermarket.cl\/index.php?rest_route=%2Fwp%2Fv2%2Fcomments&post=108"}],"wp:featuredmedia":[{"embeddable":true,"href":"https:\/\/mascotasds.undermarket.cl\/index.php?rest_route=\/wp\/v2\/media\/118"}],"wp:attachment":[{"href":"https:\/\/mascotasds.undermarket.cl\/index.php?rest_route=%2Fwp%2Fv2%2Fmedia&parent=108"}],"wp:term":[{"taxonomy":"product_brand","embeddable":true,"href":"https:\/\/mascotasds.undermarket.cl\/index.php?rest_route=%2Fwp%2Fv2%2Fproduct_brand&post=108"},{"taxonomy":"product_cat","embeddable":true,"href":"https:\/\/mascotasds.undermarket.cl\/index.php?rest_route=%2Fwp%2Fv2%2Fproduct_cat&post=108"},{"taxonomy":"product_tag","embeddable":true,"href":"https:\/\/mascotasds.undermarket.cl\/index.php?rest_route=%2Fwp%2Fv2%2Fproduct_tag&post=108"}],"curies":[{"name":"wp","href":"https:\/\/api.w.org\/{rel}","templated":true}]}}